{"id":58679,"date":"2025-02-05T15:56:04","date_gmt":"2025-02-05T14:56:04","guid":{"rendered":"https:\/\/nkimmobilien-gstaad.ch\/?page_id=58679"},"modified":"2025-08-13T09:37:27","modified_gmt":"2025-08-13T07:37:27","slug":"evaluer-un-bien-immobilier","status":"publish","type":"page","link":"https:\/\/nkimmobilien-gstaad.ch\/fr\/services\/evaluer-un-bien-immobilier\/","title":{"rendered":"\u00c9valuer un bien immobilier"},"content":{"rendered":"","protected":false},"excerpt":{"rendered":"","protected":false},"author":76,"featured_media":0,"parent":37501,"menu_order":2,"comment_status":"closed","ping_status":"closed","template":"","meta":{"_acf_changed":false,"inline_featured_image":false,"footnotes":""},"class_list":["post-58679","page","type-page","status-publish","hentry"],"acf":[],"yoast_head":"<!-- This site is optimized with the Yoast SEO Premium plugin v26.5 (Yoast SEO v27.5) - https:\/\/yoast.com\/product\/yoast-seo-premium-wordpress\/ -->\n<title>\u00c9valuation immobili\u00e8re: rapide et gratuite | nk immobilien gstaad<\/title>\n<meta name=\"description\" content=\"\u00c9valuez la valeur de votre bien \u00e0 Gstaad et environs \u2013 \u00e9valuation professionnelle et conseil personnalis\u00e9 inclus. Commencez gratuitement!\" \/>\n<meta name=\"robots\" content=\"index, follow, max-snippet:-1, max-image-preview:large, max-video-preview:-1\" \/>\n<link rel=\"canonical\" href=\"https:\/\/nkimmobilien-gstaad.ch\/fr\/services\/evaluer-un-bien-immobilier\/\" \/>\n<meta property=\"og:locale\" content=\"fr_FR\" \/>\n<meta property=\"og:type\" content=\"article\" \/>\n<meta property=\"og:title\" content=\"\u00c9valuer un bien immobilier\" \/>\n<meta property=\"og:description\" content=\"\u00c9valuez la valeur de votre bien \u00e0 Gstaad et environs \u2013 \u00e9valuation professionnelle et conseil personnalis\u00e9 inclus. Commencez gratuitement!\" \/>\n<meta property=\"og:url\" content=\"https:\/\/nkimmobilien-gstaad.ch\/fr\/services\/evaluer-un-bien-immobilier\/\" \/>\n<meta property=\"og:site_name\" content=\"nk immobilien gstaad gmbh\" \/>\n<meta property=\"article:modified_time\" content=\"2025-08-13T07:37:27+00:00\" \/>\n<meta name=\"twitter:card\" content=\"summary_large_image\" \/>\n<meta name=\"twitter:label1\" content=\"Dur\u00e9e de lecture estim\u00e9e\" \/>\n\t<meta name=\"twitter:data1\" content=\"8 minutes\" \/>\n<script type=\"application\/ld+json\" class=\"yoast-schema-graph\">{\"@context\":\"https:\\\/\\\/schema.org\",\"@graph\":[{\"@type\":\"WebPage\",\"@id\":\"https:\\\/\\\/nkimmobilien-gstaad.ch\\\/fr\\\/services\\\/evaluer-un-bien-immobilier\\\/\",\"url\":\"https:\\\/\\\/nkimmobilien-gstaad.ch\\\/fr\\\/services\\\/evaluer-un-bien-immobilier\\\/\",\"name\":\"\u00c9valuation immobili\u00e8re: rapide et gratuite | nk immobilien gstaad\",\"isPartOf\":{\"@id\":\"https:\\\/\\\/nkimmobilien-gstaad.ch\\\/fr\\\/#website\"},\"datePublished\":\"2025-02-05T14:56:04+00:00\",\"dateModified\":\"2025-08-13T07:37:27+00:00\",\"description\":\"\u00c9valuez la valeur de votre bien \u00e0 Gstaad et environs \u2013 \u00e9valuation professionnelle et conseil personnalis\u00e9 inclus. Commencez gratuitement!\",\"breadcrumb\":{\"@id\":\"https:\\\/\\\/nkimmobilien-gstaad.ch\\\/fr\\\/services\\\/evaluer-un-bien-immobilier\\\/#breadcrumb\"},\"inLanguage\":\"fr-FR\",\"potentialAction\":[{\"@type\":\"ReadAction\",\"target\":[\"https:\\\/\\\/nkimmobilien-gstaad.ch\\\/fr\\\/services\\\/evaluer-un-bien-immobilier\\\/\"]}]},{\"@type\":\"BreadcrumbList\",\"@id\":\"https:\\\/\\\/nkimmobilien-gstaad.ch\\\/fr\\\/services\\\/evaluer-un-bien-immobilier\\\/#breadcrumb\",\"itemListElement\":[{\"@type\":\"ListItem\",\"position\":1,\"name\":\"Startseite\",\"item\":\"https:\\\/\\\/nkimmobilien-gstaad.ch\\\/fr\\\/\"},{\"@type\":\"ListItem\",\"position\":2,\"name\":\"Services\",\"item\":\"https:\\\/\\\/nkimmobilien-gstaad.ch\\\/fr\\\/services\\\/\"},{\"@type\":\"ListItem\",\"position\":3,\"name\":\"\u00c9valuer un bien immobilier\"}]},{\"@type\":\"WebSite\",\"@id\":\"https:\\\/\\\/nkimmobilien-gstaad.ch\\\/fr\\\/#website\",\"url\":\"https:\\\/\\\/nkimmobilien-gstaad.ch\\\/fr\\\/\",\"name\":\"nk immobilien gstaad gmbh\",\"description\":\"\",\"publisher\":{\"@id\":\"https:\\\/\\\/nkimmobilien-gstaad.ch\\\/fr\\\/#organization\"},\"potentialAction\":[{\"@type\":\"SearchAction\",\"target\":{\"@type\":\"EntryPoint\",\"urlTemplate\":\"https:\\\/\\\/nkimmobilien-gstaad.ch\\\/fr\\\/?s={search_term_string}\"},\"query-input\":{\"@type\":\"PropertyValueSpecification\",\"valueRequired\":true,\"valueName\":\"search_term_string\"}}],\"inLanguage\":\"fr-FR\"},{\"@type\":\"Organization\",\"@id\":\"https:\\\/\\\/nkimmobilien-gstaad.ch\\\/fr\\\/#organization\",\"name\":\"nk immobilien gstaad gmbh\",\"url\":\"https:\\\/\\\/nkimmobilien-gstaad.ch\\\/fr\\\/\",\"logo\":{\"@type\":\"ImageObject\",\"inLanguage\":\"fr-FR\",\"@id\":\"https:\\\/\\\/nkimmobilien-gstaad.ch\\\/fr\\\/#\\\/schema\\\/logo\\\/image\\\/\",\"url\":\"https:\\\/\\\/nkimmobilien-gstaad.ch\\\/wp-content\\\/uploads\\\/sites\\\/73\\\/2025\\\/05\\\/nkimmo.svg\",\"contentUrl\":\"https:\\\/\\\/nkimmobilien-gstaad.ch\\\/wp-content\\\/uploads\\\/sites\\\/73\\\/2025\\\/05\\\/nkimmo.svg\",\"width\":2040,\"height\":991,\"caption\":\"nk immobilien gstaad gmbh\"},\"image\":{\"@id\":\"https:\\\/\\\/nkimmobilien-gstaad.ch\\\/fr\\\/#\\\/schema\\\/logo\\\/image\\\/\"}}]}<\/script>\n<!-- \/ Yoast SEO Premium plugin. -->","yoast_head_json":{"title":"\u00c9valuation immobili\u00e8re: rapide et gratuite | nk immobilien gstaad","description":"\u00c9valuez la valeur de votre bien \u00e0 Gstaad et environs \u2013 \u00e9valuation professionnelle et conseil personnalis\u00e9 inclus. Commencez gratuitement!","robots":{"index":"index","follow":"follow","max-snippet":"max-snippet:-1","max-image-preview":"max-image-preview:large","max-video-preview":"max-video-preview:-1"},"canonical":"https:\/\/nkimmobilien-gstaad.ch\/fr\/services\/evaluer-un-bien-immobilier\/","og_locale":"fr_FR","og_type":"article","og_title":"\u00c9valuer un bien immobilier","og_description":"\u00c9valuez la valeur de votre bien \u00e0 Gstaad et environs \u2013 \u00e9valuation professionnelle et conseil personnalis\u00e9 inclus. Commencez gratuitement!","og_url":"https:\/\/nkimmobilien-gstaad.ch\/fr\/services\/evaluer-un-bien-immobilier\/","og_site_name":"nk immobilien gstaad gmbh","article_modified_time":"2025-08-13T07:37:27+00:00","twitter_card":"summary_large_image","twitter_misc":{"Dur\u00e9e de lecture estim\u00e9e":"8 minutes"},"schema":{"@context":"https:\/\/schema.org","@graph":[{"@type":"WebPage","@id":"https:\/\/nkimmobilien-gstaad.ch\/fr\/services\/evaluer-un-bien-immobilier\/","url":"https:\/\/nkimmobilien-gstaad.ch\/fr\/services\/evaluer-un-bien-immobilier\/","name":"\u00c9valuation immobili\u00e8re: rapide et gratuite | nk immobilien gstaad","isPartOf":{"@id":"https:\/\/nkimmobilien-gstaad.ch\/fr\/#website"},"datePublished":"2025-02-05T14:56:04+00:00","dateModified":"2025-08-13T07:37:27+00:00","description":"\u00c9valuez la valeur de votre bien \u00e0 Gstaad et environs \u2013 \u00e9valuation professionnelle et conseil personnalis\u00e9 inclus. Commencez gratuitement!","breadcrumb":{"@id":"https:\/\/nkimmobilien-gstaad.ch\/fr\/services\/evaluer-un-bien-immobilier\/#breadcrumb"},"inLanguage":"fr-FR","potentialAction":[{"@type":"ReadAction","target":["https:\/\/nkimmobilien-gstaad.ch\/fr\/services\/evaluer-un-bien-immobilier\/"]}]},{"@type":"BreadcrumbList","@id":"https:\/\/nkimmobilien-gstaad.ch\/fr\/services\/evaluer-un-bien-immobilier\/#breadcrumb","itemListElement":[{"@type":"ListItem","position":1,"name":"Startseite","item":"https:\/\/nkimmobilien-gstaad.ch\/fr\/"},{"@type":"ListItem","position":2,"name":"Services","item":"https:\/\/nkimmobilien-gstaad.ch\/fr\/services\/"},{"@type":"ListItem","position":3,"name":"\u00c9valuer un bien immobilier"}]},{"@type":"WebSite","@id":"https:\/\/nkimmobilien-gstaad.ch\/fr\/#website","url":"https:\/\/nkimmobilien-gstaad.ch\/fr\/","name":"nk immobilien gstaad gmbh","description":"","publisher":{"@id":"https:\/\/nkimmobilien-gstaad.ch\/fr\/#organization"},"potentialAction":[{"@type":"SearchAction","target":{"@type":"EntryPoint","urlTemplate":"https:\/\/nkimmobilien-gstaad.ch\/fr\/?s={search_term_string}"},"query-input":{"@type":"PropertyValueSpecification","valueRequired":true,"valueName":"search_term_string"}}],"inLanguage":"fr-FR"},{"@type":"Organization","@id":"https:\/\/nkimmobilien-gstaad.ch\/fr\/#organization","name":"nk immobilien gstaad gmbh","url":"https:\/\/nkimmobilien-gstaad.ch\/fr\/","logo":{"@type":"ImageObject","inLanguage":"fr-FR","@id":"https:\/\/nkimmobilien-gstaad.ch\/fr\/#\/schema\/logo\/image\/","url":"https:\/\/nkimmobilien-gstaad.ch\/wp-content\/uploads\/sites\/73\/2025\/05\/nkimmo.svg","contentUrl":"https:\/\/nkimmobilien-gstaad.ch\/wp-content\/uploads\/sites\/73\/2025\/05\/nkimmo.svg","width":2040,"height":991,"caption":"nk immobilien gstaad gmbh"},"image":{"@id":"https:\/\/nkimmobilien-gstaad.ch\/fr\/#\/schema\/logo\/image\/"}}]}},"_links":{"self":[{"href":"https:\/\/nkimmobilien-gstaad.ch\/fr\/wp-json\/wp\/v2\/pages\/58679","targetHints":{"allow":["GET"]}}],"collection":[{"href":"https:\/\/nkimmobilien-gstaad.ch\/fr\/wp-json\/wp\/v2\/pages"}],"about":[{"href":"https:\/\/nkimmobilien-gstaad.ch\/fr\/wp-json\/wp\/v2\/types\/page"}],"author":[{"embeddable":true,"href":"https:\/\/nkimmobilien-gstaad.ch\/fr\/wp-json\/wp\/v2\/users\/76"}],"replies":[{"embeddable":true,"href":"https:\/\/nkimmobilien-gstaad.ch\/fr\/wp-json\/wp\/v2\/comments?post=58679"}],"version-history":[{"count":0,"href":"https:\/\/nkimmobilien-gstaad.ch\/fr\/wp-json\/wp\/v2\/pages\/58679\/revisions"}],"up":[{"embeddable":true,"href":"https:\/\/nkimmobilien-gstaad.ch\/fr\/wp-json\/wp\/v2\/pages\/37501"}],"wp:attachment":[{"href":"https:\/\/nkimmobilien-gstaad.ch\/fr\/wp-json\/wp\/v2\/media?parent=58679"}],"curies":[{"name":"wp","href":"https:\/\/api.w.org\/{rel}","templated":true}]}}