{"id":37503,"date":"2023-02-19T20:16:18","date_gmt":"2023-02-19T19:16:18","guid":{"rendered":"https:\/\/nkimmobilien-gstaad.mycasaweb.ch\/dienstleistungen\/bewertung-und-verkauf\/"},"modified":"2025-02-11T16:31:57","modified_gmt":"2025-02-11T15:31:57","slug":"estimation-et-vente","status":"publish","type":"page","link":"https:\/\/nkimmobilien-gstaad.ch\/fr\/estimation-et-vente\/","title":{"rendered":"Evaluer et vente"},"content":{"rendered":"","protected":false},"excerpt":{"rendered":"","protected":false},"author":1,"featured_media":0,"parent":0,"menu_order":1,"comment_status":"closed","ping_status":"closed","template":"","meta":{"_acf_changed":false,"inline_featured_image":false,"footnotes":""},"class_list":["post-37503","page","type-page","status-publish","hentry"],"acf":[],"yoast_head":"<!-- This site is optimized with the Yoast SEO Premium plugin v26.5 (Yoast SEO v27.3) - https:\/\/yoast.com\/product\/yoast-seo-premium-wordpress\/ -->\n<title>\u00c9valuer &amp; vendre des biens immobiliers | nk immobilien gstaad<\/title>\n<meta name=\"description\" content=\"Vendez votre bien immobilier en toute s\u00e9r\u00e9nit\u00e9. Nous nous occupons de l\u2019\u00e9valuation, du marketing et du processus de vente complet. Contactez-nous!\" \/>\n<meta name=\"robots\" content=\"index, follow, max-snippet:-1, max-image-preview:large, max-video-preview:-1\" \/>\n<link rel=\"canonical\" href=\"https:\/\/nkimmobilien-gstaad.ch\/fr\/estimation-et-vente\/\" \/>\n<meta property=\"og:locale\" content=\"fr_FR\" \/>\n<meta property=\"og:type\" content=\"article\" \/>\n<meta property=\"og:title\" content=\"Evaluer et vente\" \/>\n<meta property=\"og:description\" content=\"Vendez votre bien immobilier en toute s\u00e9r\u00e9nit\u00e9. Nous nous occupons de l\u2019\u00e9valuation, du marketing et du processus de vente complet. Contactez-nous!\" \/>\n<meta property=\"og:url\" content=\"https:\/\/nkimmobilien-gstaad.ch\/fr\/estimation-et-vente\/\" \/>\n<meta property=\"og:site_name\" content=\"nk immobilien gstaad gmbh\" \/>\n<meta property=\"article:modified_time\" content=\"2025-02-11T15:31:57+00:00\" \/>\n<meta name=\"twitter:card\" content=\"summary_large_image\" \/>\n<script type=\"application\/ld+json\" class=\"yoast-schema-graph\">{\"@context\":\"https:\\\/\\\/schema.org\",\"@graph\":[{\"@type\":\"WebPage\",\"@id\":\"https:\\\/\\\/nkimmobilien-gstaad.ch\\\/fr\\\/estimation-et-vente\\\/\",\"url\":\"https:\\\/\\\/nkimmobilien-gstaad.ch\\\/fr\\\/estimation-et-vente\\\/\",\"name\":\"\u00c9valuer & vendre des biens immobiliers | nk immobilien gstaad\",\"isPartOf\":{\"@id\":\"https:\\\/\\\/nkimmobilien-gstaad.ch\\\/fr\\\/#website\"},\"datePublished\":\"2023-02-19T19:16:18+00:00\",\"dateModified\":\"2025-02-11T15:31:57+00:00\",\"description\":\"Vendez votre bien immobilier en toute s\u00e9r\u00e9nit\u00e9. Nous nous occupons de l\u2019\u00e9valuation, du marketing et du processus de vente complet. Contactez-nous!\",\"breadcrumb\":{\"@id\":\"https:\\\/\\\/nkimmobilien-gstaad.ch\\\/fr\\\/estimation-et-vente\\\/#breadcrumb\"},\"inLanguage\":\"fr-FR\",\"potentialAction\":[{\"@type\":\"ReadAction\",\"target\":[\"https:\\\/\\\/nkimmobilien-gstaad.ch\\\/fr\\\/estimation-et-vente\\\/\"]}]},{\"@type\":\"BreadcrumbList\",\"@id\":\"https:\\\/\\\/nkimmobilien-gstaad.ch\\\/fr\\\/estimation-et-vente\\\/#breadcrumb\",\"itemListElement\":[{\"@type\":\"ListItem\",\"position\":1,\"name\":\"Startseite\",\"item\":\"https:\\\/\\\/nkimmobilien-gstaad.ch\\\/fr\\\/\"},{\"@type\":\"ListItem\",\"position\":2,\"name\":\"Evaluer et vente\"}]},{\"@type\":\"WebSite\",\"@id\":\"https:\\\/\\\/nkimmobilien-gstaad.ch\\\/fr\\\/#website\",\"url\":\"https:\\\/\\\/nkimmobilien-gstaad.ch\\\/fr\\\/\",\"name\":\"nk immobilien gstaad gmbh\",\"description\":\"\",\"publisher\":{\"@id\":\"https:\\\/\\\/nkimmobilien-gstaad.ch\\\/fr\\\/#organization\"},\"potentialAction\":[{\"@type\":\"SearchAction\",\"target\":{\"@type\":\"EntryPoint\",\"urlTemplate\":\"https:\\\/\\\/nkimmobilien-gstaad.ch\\\/fr\\\/?s={search_term_string}\"},\"query-input\":{\"@type\":\"PropertyValueSpecification\",\"valueRequired\":true,\"valueName\":\"search_term_string\"}}],\"inLanguage\":\"fr-FR\"},{\"@type\":\"Organization\",\"@id\":\"https:\\\/\\\/nkimmobilien-gstaad.ch\\\/fr\\\/#organization\",\"name\":\"nk immobilien gstaad gmbh\",\"url\":\"https:\\\/\\\/nkimmobilien-gstaad.ch\\\/fr\\\/\",\"logo\":{\"@type\":\"ImageObject\",\"inLanguage\":\"fr-FR\",\"@id\":\"https:\\\/\\\/nkimmobilien-gstaad.ch\\\/fr\\\/#\\\/schema\\\/logo\\\/image\\\/\",\"url\":\"https:\\\/\\\/nkimmobilien-gstaad.ch\\\/wp-content\\\/uploads\\\/sites\\\/73\\\/2025\\\/05\\\/nkimmo.svg\",\"contentUrl\":\"https:\\\/\\\/nkimmobilien-gstaad.ch\\\/wp-content\\\/uploads\\\/sites\\\/73\\\/2025\\\/05\\\/nkimmo.svg\",\"width\":2040,\"height\":991,\"caption\":\"nk immobilien gstaad gmbh\"},\"image\":{\"@id\":\"https:\\\/\\\/nkimmobilien-gstaad.ch\\\/fr\\\/#\\\/schema\\\/logo\\\/image\\\/\"}}]}<\/script>\n<!-- \/ Yoast SEO Premium plugin. -->","yoast_head_json":{"title":"\u00c9valuer & vendre des biens immobiliers | nk immobilien gstaad","description":"Vendez votre bien immobilier en toute s\u00e9r\u00e9nit\u00e9. Nous nous occupons de l\u2019\u00e9valuation, du marketing et du processus de vente complet. Contactez-nous!","robots":{"index":"index","follow":"follow","max-snippet":"max-snippet:-1","max-image-preview":"max-image-preview:large","max-video-preview":"max-video-preview:-1"},"canonical":"https:\/\/nkimmobilien-gstaad.ch\/fr\/estimation-et-vente\/","og_locale":"fr_FR","og_type":"article","og_title":"Evaluer et vente","og_description":"Vendez votre bien immobilier en toute s\u00e9r\u00e9nit\u00e9. Nous nous occupons de l\u2019\u00e9valuation, du marketing et du processus de vente complet. Contactez-nous!","og_url":"https:\/\/nkimmobilien-gstaad.ch\/fr\/estimation-et-vente\/","og_site_name":"nk immobilien gstaad gmbh","article_modified_time":"2025-02-11T15:31:57+00:00","twitter_card":"summary_large_image","schema":{"@context":"https:\/\/schema.org","@graph":[{"@type":"WebPage","@id":"https:\/\/nkimmobilien-gstaad.ch\/fr\/estimation-et-vente\/","url":"https:\/\/nkimmobilien-gstaad.ch\/fr\/estimation-et-vente\/","name":"\u00c9valuer & vendre des biens immobiliers | nk immobilien gstaad","isPartOf":{"@id":"https:\/\/nkimmobilien-gstaad.ch\/fr\/#website"},"datePublished":"2023-02-19T19:16:18+00:00","dateModified":"2025-02-11T15:31:57+00:00","description":"Vendez votre bien immobilier en toute s\u00e9r\u00e9nit\u00e9. Nous nous occupons de l\u2019\u00e9valuation, du marketing et du processus de vente complet. Contactez-nous!","breadcrumb":{"@id":"https:\/\/nkimmobilien-gstaad.ch\/fr\/estimation-et-vente\/#breadcrumb"},"inLanguage":"fr-FR","potentialAction":[{"@type":"ReadAction","target":["https:\/\/nkimmobilien-gstaad.ch\/fr\/estimation-et-vente\/"]}]},{"@type":"BreadcrumbList","@id":"https:\/\/nkimmobilien-gstaad.ch\/fr\/estimation-et-vente\/#breadcrumb","itemListElement":[{"@type":"ListItem","position":1,"name":"Startseite","item":"https:\/\/nkimmobilien-gstaad.ch\/fr\/"},{"@type":"ListItem","position":2,"name":"Evaluer et vente"}]},{"@type":"WebSite","@id":"https:\/\/nkimmobilien-gstaad.ch\/fr\/#website","url":"https:\/\/nkimmobilien-gstaad.ch\/fr\/","name":"nk immobilien gstaad gmbh","description":"","publisher":{"@id":"https:\/\/nkimmobilien-gstaad.ch\/fr\/#organization"},"potentialAction":[{"@type":"SearchAction","target":{"@type":"EntryPoint","urlTemplate":"https:\/\/nkimmobilien-gstaad.ch\/fr\/?s={search_term_string}"},"query-input":{"@type":"PropertyValueSpecification","valueRequired":true,"valueName":"search_term_string"}}],"inLanguage":"fr-FR"},{"@type":"Organization","@id":"https:\/\/nkimmobilien-gstaad.ch\/fr\/#organization","name":"nk immobilien gstaad gmbh","url":"https:\/\/nkimmobilien-gstaad.ch\/fr\/","logo":{"@type":"ImageObject","inLanguage":"fr-FR","@id":"https:\/\/nkimmobilien-gstaad.ch\/fr\/#\/schema\/logo\/image\/","url":"https:\/\/nkimmobilien-gstaad.ch\/wp-content\/uploads\/sites\/73\/2025\/05\/nkimmo.svg","contentUrl":"https:\/\/nkimmobilien-gstaad.ch\/wp-content\/uploads\/sites\/73\/2025\/05\/nkimmo.svg","width":2040,"height":991,"caption":"nk immobilien gstaad gmbh"},"image":{"@id":"https:\/\/nkimmobilien-gstaad.ch\/fr\/#\/schema\/logo\/image\/"}}]}},"_links":{"self":[{"href":"https:\/\/nkimmobilien-gstaad.ch\/fr\/wp-json\/wp\/v2\/pages\/37503","targetHints":{"allow":["GET"]}}],"collection":[{"href":"https:\/\/nkimmobilien-gstaad.ch\/fr\/wp-json\/wp\/v2\/pages"}],"about":[{"href":"https:\/\/nkimmobilien-gstaad.ch\/fr\/wp-json\/wp\/v2\/types\/page"}],"author":[{"embeddable":true,"href":"https:\/\/nkimmobilien-gstaad.ch\/fr\/wp-json\/wp\/v2\/users\/1"}],"replies":[{"embeddable":true,"href":"https:\/\/nkimmobilien-gstaad.ch\/fr\/wp-json\/wp\/v2\/comments?post=37503"}],"version-history":[{"count":0,"href":"https:\/\/nkimmobilien-gstaad.ch\/fr\/wp-json\/wp\/v2\/pages\/37503\/revisions"}],"wp:attachment":[{"href":"https:\/\/nkimmobilien-gstaad.ch\/fr\/wp-json\/wp\/v2\/media?parent=37503"}],"curies":[{"name":"wp","href":"https:\/\/api.w.org\/{rel}","templated":true}]}}