{"id":37502,"date":"2023-02-19T20:16:19","date_gmt":"2023-02-19T19:16:19","guid":{"rendered":"https:\/\/nkimmobilien-gstaad.mycasaweb.ch\/dienstleistungen\/erwerb\/"},"modified":"2025-08-13T09:38:15","modified_gmt":"2025-08-13T07:38:15","slug":"acquisition","status":"publish","type":"page","link":"https:\/\/nkimmobilien-gstaad.ch\/fr\/services\/acquisition\/","title":{"rendered":"Acheter un bien immobilier"},"content":{"rendered":"","protected":false},"excerpt":{"rendered":"","protected":false},"author":1,"featured_media":0,"parent":37501,"menu_order":3,"comment_status":"closed","ping_status":"closed","template":"","meta":{"_acf_changed":false,"inline_featured_image":false,"footnotes":""},"class_list":["post-37502","page","type-page","status-publish","hentry"],"acf":[],"yoast_head":"<!-- This site is optimized with the Yoast SEO Premium plugin v26.5 (Yoast SEO v27.3) - https:\/\/yoast.com\/product\/yoast-seo-premium-wordpress\/ -->\n<title>Acheter un Chalet &amp; Appartement \u00e0 Gstaad | nk immobilien gstaad<\/title>\n<meta name=\"description\" content=\"Renseignez-vous sur l\u2019achat immobilier \u00e0 Gstaad. Nous vous accompagnons \u00e0 chaque \u00e9tape. Demandez conseil maintenant!\" \/>\n<meta name=\"robots\" content=\"index, follow, max-snippet:-1, max-image-preview:large, max-video-preview:-1\" \/>\n<link rel=\"canonical\" href=\"https:\/\/nkimmobilien-gstaad.ch\/fr\/services\/acquisition\/\" \/>\n<meta property=\"og:locale\" content=\"fr_FR\" \/>\n<meta property=\"og:type\" content=\"article\" \/>\n<meta property=\"og:title\" content=\"Acheter un bien immobilier\" \/>\n<meta property=\"og:description\" content=\"Renseignez-vous sur l\u2019achat immobilier \u00e0 Gstaad. Nous vous accompagnons \u00e0 chaque \u00e9tape. Demandez conseil maintenant!\" \/>\n<meta property=\"og:url\" content=\"https:\/\/nkimmobilien-gstaad.ch\/fr\/services\/acquisition\/\" \/>\n<meta property=\"og:site_name\" content=\"nk immobilien gstaad gmbh\" \/>\n<meta property=\"article:modified_time\" content=\"2025-08-13T07:38:15+00:00\" \/>\n<meta name=\"twitter:card\" content=\"summary_large_image\" \/>\n<meta name=\"twitter:label1\" content=\"Dur\u00e9e de lecture estim\u00e9e\" \/>\n\t<meta name=\"twitter:data1\" content=\"9 minutes\" \/>\n<script type=\"application\/ld+json\" class=\"yoast-schema-graph\">{\"@context\":\"https:\\\/\\\/schema.org\",\"@graph\":[{\"@type\":\"WebPage\",\"@id\":\"https:\\\/\\\/nkimmobilien-gstaad.ch\\\/fr\\\/services\\\/acquisition\\\/\",\"url\":\"https:\\\/\\\/nkimmobilien-gstaad.ch\\\/fr\\\/services\\\/acquisition\\\/\",\"name\":\"Acheter un Chalet & Appartement \u00e0 Gstaad | nk immobilien gstaad\",\"isPartOf\":{\"@id\":\"https:\\\/\\\/nkimmobilien-gstaad.ch\\\/fr\\\/#website\"},\"datePublished\":\"2023-02-19T19:16:19+00:00\",\"dateModified\":\"2025-08-13T07:38:15+00:00\",\"description\":\"Renseignez-vous sur l\u2019achat immobilier \u00e0 Gstaad. Nous vous accompagnons \u00e0 chaque \u00e9tape. Demandez conseil maintenant!\",\"breadcrumb\":{\"@id\":\"https:\\\/\\\/nkimmobilien-gstaad.ch\\\/fr\\\/services\\\/acquisition\\\/#breadcrumb\"},\"inLanguage\":\"fr-FR\",\"potentialAction\":[{\"@type\":\"ReadAction\",\"target\":[\"https:\\\/\\\/nkimmobilien-gstaad.ch\\\/fr\\\/services\\\/acquisition\\\/\"]}]},{\"@type\":\"BreadcrumbList\",\"@id\":\"https:\\\/\\\/nkimmobilien-gstaad.ch\\\/fr\\\/services\\\/acquisition\\\/#breadcrumb\",\"itemListElement\":[{\"@type\":\"ListItem\",\"position\":1,\"name\":\"Startseite\",\"item\":\"https:\\\/\\\/nkimmobilien-gstaad.ch\\\/fr\\\/\"},{\"@type\":\"ListItem\",\"position\":2,\"name\":\"Services\",\"item\":\"https:\\\/\\\/nkimmobilien-gstaad.ch\\\/fr\\\/services\\\/\"},{\"@type\":\"ListItem\",\"position\":3,\"name\":\"Acheter un bien immobilier\"}]},{\"@type\":\"WebSite\",\"@id\":\"https:\\\/\\\/nkimmobilien-gstaad.ch\\\/fr\\\/#website\",\"url\":\"https:\\\/\\\/nkimmobilien-gstaad.ch\\\/fr\\\/\",\"name\":\"nk immobilien gstaad gmbh\",\"description\":\"\",\"publisher\":{\"@id\":\"https:\\\/\\\/nkimmobilien-gstaad.ch\\\/fr\\\/#organization\"},\"potentialAction\":[{\"@type\":\"SearchAction\",\"target\":{\"@type\":\"EntryPoint\",\"urlTemplate\":\"https:\\\/\\\/nkimmobilien-gstaad.ch\\\/fr\\\/?s={search_term_string}\"},\"query-input\":{\"@type\":\"PropertyValueSpecification\",\"valueRequired\":true,\"valueName\":\"search_term_string\"}}],\"inLanguage\":\"fr-FR\"},{\"@type\":\"Organization\",\"@id\":\"https:\\\/\\\/nkimmobilien-gstaad.ch\\\/fr\\\/#organization\",\"name\":\"nk immobilien gstaad gmbh\",\"url\":\"https:\\\/\\\/nkimmobilien-gstaad.ch\\\/fr\\\/\",\"logo\":{\"@type\":\"ImageObject\",\"inLanguage\":\"fr-FR\",\"@id\":\"https:\\\/\\\/nkimmobilien-gstaad.ch\\\/fr\\\/#\\\/schema\\\/logo\\\/image\\\/\",\"url\":\"https:\\\/\\\/nkimmobilien-gstaad.ch\\\/wp-content\\\/uploads\\\/sites\\\/73\\\/2025\\\/05\\\/nkimmo.svg\",\"contentUrl\":\"https:\\\/\\\/nkimmobilien-gstaad.ch\\\/wp-content\\\/uploads\\\/sites\\\/73\\\/2025\\\/05\\\/nkimmo.svg\",\"width\":2040,\"height\":991,\"caption\":\"nk immobilien gstaad gmbh\"},\"image\":{\"@id\":\"https:\\\/\\\/nkimmobilien-gstaad.ch\\\/fr\\\/#\\\/schema\\\/logo\\\/image\\\/\"}}]}<\/script>\n<!-- \/ Yoast SEO Premium plugin. -->","yoast_head_json":{"title":"Acheter un Chalet & Appartement \u00e0 Gstaad | nk immobilien gstaad","description":"Renseignez-vous sur l\u2019achat immobilier \u00e0 Gstaad. Nous vous accompagnons \u00e0 chaque \u00e9tape. Demandez conseil maintenant!","robots":{"index":"index","follow":"follow","max-snippet":"max-snippet:-1","max-image-preview":"max-image-preview:large","max-video-preview":"max-video-preview:-1"},"canonical":"https:\/\/nkimmobilien-gstaad.ch\/fr\/services\/acquisition\/","og_locale":"fr_FR","og_type":"article","og_title":"Acheter un bien immobilier","og_description":"Renseignez-vous sur l\u2019achat immobilier \u00e0 Gstaad. Nous vous accompagnons \u00e0 chaque \u00e9tape. Demandez conseil maintenant!","og_url":"https:\/\/nkimmobilien-gstaad.ch\/fr\/services\/acquisition\/","og_site_name":"nk immobilien gstaad gmbh","article_modified_time":"2025-08-13T07:38:15+00:00","twitter_card":"summary_large_image","twitter_misc":{"Dur\u00e9e de lecture estim\u00e9e":"9 minutes"},"schema":{"@context":"https:\/\/schema.org","@graph":[{"@type":"WebPage","@id":"https:\/\/nkimmobilien-gstaad.ch\/fr\/services\/acquisition\/","url":"https:\/\/nkimmobilien-gstaad.ch\/fr\/services\/acquisition\/","name":"Acheter un Chalet & Appartement \u00e0 Gstaad | nk immobilien gstaad","isPartOf":{"@id":"https:\/\/nkimmobilien-gstaad.ch\/fr\/#website"},"datePublished":"2023-02-19T19:16:19+00:00","dateModified":"2025-08-13T07:38:15+00:00","description":"Renseignez-vous sur l\u2019achat immobilier \u00e0 Gstaad. Nous vous accompagnons \u00e0 chaque \u00e9tape. Demandez conseil maintenant!","breadcrumb":{"@id":"https:\/\/nkimmobilien-gstaad.ch\/fr\/services\/acquisition\/#breadcrumb"},"inLanguage":"fr-FR","potentialAction":[{"@type":"ReadAction","target":["https:\/\/nkimmobilien-gstaad.ch\/fr\/services\/acquisition\/"]}]},{"@type":"BreadcrumbList","@id":"https:\/\/nkimmobilien-gstaad.ch\/fr\/services\/acquisition\/#breadcrumb","itemListElement":[{"@type":"ListItem","position":1,"name":"Startseite","item":"https:\/\/nkimmobilien-gstaad.ch\/fr\/"},{"@type":"ListItem","position":2,"name":"Services","item":"https:\/\/nkimmobilien-gstaad.ch\/fr\/services\/"},{"@type":"ListItem","position":3,"name":"Acheter un bien immobilier"}]},{"@type":"WebSite","@id":"https:\/\/nkimmobilien-gstaad.ch\/fr\/#website","url":"https:\/\/nkimmobilien-gstaad.ch\/fr\/","name":"nk immobilien gstaad gmbh","description":"","publisher":{"@id":"https:\/\/nkimmobilien-gstaad.ch\/fr\/#organization"},"potentialAction":[{"@type":"SearchAction","target":{"@type":"EntryPoint","urlTemplate":"https:\/\/nkimmobilien-gstaad.ch\/fr\/?s={search_term_string}"},"query-input":{"@type":"PropertyValueSpecification","valueRequired":true,"valueName":"search_term_string"}}],"inLanguage":"fr-FR"},{"@type":"Organization","@id":"https:\/\/nkimmobilien-gstaad.ch\/fr\/#organization","name":"nk immobilien gstaad gmbh","url":"https:\/\/nkimmobilien-gstaad.ch\/fr\/","logo":{"@type":"ImageObject","inLanguage":"fr-FR","@id":"https:\/\/nkimmobilien-gstaad.ch\/fr\/#\/schema\/logo\/image\/","url":"https:\/\/nkimmobilien-gstaad.ch\/wp-content\/uploads\/sites\/73\/2025\/05\/nkimmo.svg","contentUrl":"https:\/\/nkimmobilien-gstaad.ch\/wp-content\/uploads\/sites\/73\/2025\/05\/nkimmo.svg","width":2040,"height":991,"caption":"nk immobilien gstaad gmbh"},"image":{"@id":"https:\/\/nkimmobilien-gstaad.ch\/fr\/#\/schema\/logo\/image\/"}}]}},"_links":{"self":[{"href":"https:\/\/nkimmobilien-gstaad.ch\/fr\/wp-json\/wp\/v2\/pages\/37502","targetHints":{"allow":["GET"]}}],"collection":[{"href":"https:\/\/nkimmobilien-gstaad.ch\/fr\/wp-json\/wp\/v2\/pages"}],"about":[{"href":"https:\/\/nkimmobilien-gstaad.ch\/fr\/wp-json\/wp\/v2\/types\/page"}],"author":[{"embeddable":true,"href":"https:\/\/nkimmobilien-gstaad.ch\/fr\/wp-json\/wp\/v2\/users\/1"}],"replies":[{"embeddable":true,"href":"https:\/\/nkimmobilien-gstaad.ch\/fr\/wp-json\/wp\/v2\/comments?post=37502"}],"version-history":[{"count":0,"href":"https:\/\/nkimmobilien-gstaad.ch\/fr\/wp-json\/wp\/v2\/pages\/37502\/revisions"}],"up":[{"embeddable":true,"href":"https:\/\/nkimmobilien-gstaad.ch\/fr\/wp-json\/wp\/v2\/pages\/37501"}],"wp:attachment":[{"href":"https:\/\/nkimmobilien-gstaad.ch\/fr\/wp-json\/wp\/v2\/media?parent=37502"}],"curies":[{"name":"wp","href":"https:\/\/api.w.org\/{rel}","templated":true}]}}