{"id":37489,"date":"2023-02-19T20:16:19","date_gmt":"2023-02-19T19:16:19","guid":{"rendered":"https:\/\/nkimmobilien-gstaad.mycasaweb.ch\/ueber-uns\/"},"modified":"2025-02-11T16:31:25","modified_gmt":"2025-02-11T15:31:25","slug":"a-propros-de-nous","status":"publish","type":"page","link":"https:\/\/nkimmobilien-gstaad.ch\/fr\/a-propros-de-nous\/","title":{"rendered":"A propros de nous"},"content":{"rendered":"","protected":false},"excerpt":{"rendered":"","protected":false},"author":1,"featured_media":0,"parent":0,"menu_order":32,"comment_status":"closed","ping_status":"closed","template":"","meta":{"_acf_changed":false,"inline_featured_image":false,"footnotes":""},"class_list":["post-37489","page","type-page","status-publish","hentry"],"acf":[],"yoast_head":"<!-- This site is optimized with the Yoast SEO Premium plugin v26.5 (Yoast SEO v27.4) - https:\/\/yoast.com\/product\/yoast-seo-premium-wordpress\/ -->\n<title>Vos experts immobiliers \u00e0 Gstaad &amp; r\u00e9gion | nk immobilien gstaad<\/title>\n<meta name=\"description\" content=\"D\u00e9couvrez-en plus sur nk immobilien gstaad et notre \u00e9quipe. Depuis plus de 10 ans, nous proposons des solutions immobili\u00e8res r\u00e9ussies \u00e0 Gstaad et r\u00e9gion.\" \/>\n<meta name=\"robots\" content=\"index, follow, max-snippet:-1, max-image-preview:large, max-video-preview:-1\" \/>\n<link rel=\"canonical\" href=\"https:\/\/nkimmobilien-gstaad.ch\/fr\/a-propros-de-nous\/\" \/>\n<meta property=\"og:locale\" content=\"fr_FR\" \/>\n<meta property=\"og:type\" content=\"article\" \/>\n<meta property=\"og:title\" content=\"A propros de nous\" \/>\n<meta property=\"og:description\" content=\"D\u00e9couvrez-en plus sur nk immobilien gstaad et notre \u00e9quipe. Depuis plus de 10 ans, nous proposons des solutions immobili\u00e8res r\u00e9ussies \u00e0 Gstaad et r\u00e9gion.\" \/>\n<meta property=\"og:url\" content=\"https:\/\/nkimmobilien-gstaad.ch\/fr\/a-propros-de-nous\/\" \/>\n<meta property=\"og:site_name\" content=\"nk immobilien gstaad gmbh\" \/>\n<meta property=\"article:modified_time\" content=\"2025-02-11T15:31:25+00:00\" \/>\n<meta name=\"twitter:card\" content=\"summary_large_image\" \/>\n<script type=\"application\/ld+json\" class=\"yoast-schema-graph\">{\"@context\":\"https:\\\/\\\/schema.org\",\"@graph\":[{\"@type\":\"WebPage\",\"@id\":\"https:\\\/\\\/nkimmobilien-gstaad.ch\\\/fr\\\/a-propros-de-nous\\\/\",\"url\":\"https:\\\/\\\/nkimmobilien-gstaad.ch\\\/fr\\\/a-propros-de-nous\\\/\",\"name\":\"Vos experts immobiliers \u00e0 Gstaad & r\u00e9gion | nk immobilien gstaad\",\"isPartOf\":{\"@id\":\"https:\\\/\\\/nkimmobilien-gstaad.ch\\\/fr\\\/#website\"},\"datePublished\":\"2023-02-19T19:16:19+00:00\",\"dateModified\":\"2025-02-11T15:31:25+00:00\",\"description\":\"D\u00e9couvrez-en plus sur nk immobilien gstaad et notre \u00e9quipe. Depuis plus de 10 ans, nous proposons des solutions immobili\u00e8res r\u00e9ussies \u00e0 Gstaad et r\u00e9gion.\",\"breadcrumb\":{\"@id\":\"https:\\\/\\\/nkimmobilien-gstaad.ch\\\/fr\\\/a-propros-de-nous\\\/#breadcrumb\"},\"inLanguage\":\"fr-FR\",\"potentialAction\":[{\"@type\":\"ReadAction\",\"target\":[\"https:\\\/\\\/nkimmobilien-gstaad.ch\\\/fr\\\/a-propros-de-nous\\\/\"]}]},{\"@type\":\"BreadcrumbList\",\"@id\":\"https:\\\/\\\/nkimmobilien-gstaad.ch\\\/fr\\\/a-propros-de-nous\\\/#breadcrumb\",\"itemListElement\":[{\"@type\":\"ListItem\",\"position\":1,\"name\":\"Startseite\",\"item\":\"https:\\\/\\\/nkimmobilien-gstaad.ch\\\/fr\\\/\"},{\"@type\":\"ListItem\",\"position\":2,\"name\":\"A propros de nous\"}]},{\"@type\":\"WebSite\",\"@id\":\"https:\\\/\\\/nkimmobilien-gstaad.ch\\\/fr\\\/#website\",\"url\":\"https:\\\/\\\/nkimmobilien-gstaad.ch\\\/fr\\\/\",\"name\":\"nk immobilien gstaad gmbh\",\"description\":\"\",\"publisher\":{\"@id\":\"https:\\\/\\\/nkimmobilien-gstaad.ch\\\/fr\\\/#organization\"},\"potentialAction\":[{\"@type\":\"SearchAction\",\"target\":{\"@type\":\"EntryPoint\",\"urlTemplate\":\"https:\\\/\\\/nkimmobilien-gstaad.ch\\\/fr\\\/?s={search_term_string}\"},\"query-input\":{\"@type\":\"PropertyValueSpecification\",\"valueRequired\":true,\"valueName\":\"search_term_string\"}}],\"inLanguage\":\"fr-FR\"},{\"@type\":\"Organization\",\"@id\":\"https:\\\/\\\/nkimmobilien-gstaad.ch\\\/fr\\\/#organization\",\"name\":\"nk immobilien gstaad gmbh\",\"url\":\"https:\\\/\\\/nkimmobilien-gstaad.ch\\\/fr\\\/\",\"logo\":{\"@type\":\"ImageObject\",\"inLanguage\":\"fr-FR\",\"@id\":\"https:\\\/\\\/nkimmobilien-gstaad.ch\\\/fr\\\/#\\\/schema\\\/logo\\\/image\\\/\",\"url\":\"https:\\\/\\\/nkimmobilien-gstaad.ch\\\/wp-content\\\/uploads\\\/sites\\\/73\\\/2025\\\/05\\\/nkimmo.svg\",\"contentUrl\":\"https:\\\/\\\/nkimmobilien-gstaad.ch\\\/wp-content\\\/uploads\\\/sites\\\/73\\\/2025\\\/05\\\/nkimmo.svg\",\"width\":2040,\"height\":991,\"caption\":\"nk immobilien gstaad gmbh\"},\"image\":{\"@id\":\"https:\\\/\\\/nkimmobilien-gstaad.ch\\\/fr\\\/#\\\/schema\\\/logo\\\/image\\\/\"}}]}<\/script>\n<!-- \/ Yoast SEO Premium plugin. -->","yoast_head_json":{"title":"Vos experts immobiliers \u00e0 Gstaad & r\u00e9gion | nk immobilien gstaad","description":"D\u00e9couvrez-en plus sur nk immobilien gstaad et notre \u00e9quipe. Depuis plus de 10 ans, nous proposons des solutions immobili\u00e8res r\u00e9ussies \u00e0 Gstaad et r\u00e9gion.","robots":{"index":"index","follow":"follow","max-snippet":"max-snippet:-1","max-image-preview":"max-image-preview:large","max-video-preview":"max-video-preview:-1"},"canonical":"https:\/\/nkimmobilien-gstaad.ch\/fr\/a-propros-de-nous\/","og_locale":"fr_FR","og_type":"article","og_title":"A propros de nous","og_description":"D\u00e9couvrez-en plus sur nk immobilien gstaad et notre \u00e9quipe. Depuis plus de 10 ans, nous proposons des solutions immobili\u00e8res r\u00e9ussies \u00e0 Gstaad et r\u00e9gion.","og_url":"https:\/\/nkimmobilien-gstaad.ch\/fr\/a-propros-de-nous\/","og_site_name":"nk immobilien gstaad gmbh","article_modified_time":"2025-02-11T15:31:25+00:00","twitter_card":"summary_large_image","schema":{"@context":"https:\/\/schema.org","@graph":[{"@type":"WebPage","@id":"https:\/\/nkimmobilien-gstaad.ch\/fr\/a-propros-de-nous\/","url":"https:\/\/nkimmobilien-gstaad.ch\/fr\/a-propros-de-nous\/","name":"Vos experts immobiliers \u00e0 Gstaad & r\u00e9gion | nk immobilien gstaad","isPartOf":{"@id":"https:\/\/nkimmobilien-gstaad.ch\/fr\/#website"},"datePublished":"2023-02-19T19:16:19+00:00","dateModified":"2025-02-11T15:31:25+00:00","description":"D\u00e9couvrez-en plus sur nk immobilien gstaad et notre \u00e9quipe. Depuis plus de 10 ans, nous proposons des solutions immobili\u00e8res r\u00e9ussies \u00e0 Gstaad et r\u00e9gion.","breadcrumb":{"@id":"https:\/\/nkimmobilien-gstaad.ch\/fr\/a-propros-de-nous\/#breadcrumb"},"inLanguage":"fr-FR","potentialAction":[{"@type":"ReadAction","target":["https:\/\/nkimmobilien-gstaad.ch\/fr\/a-propros-de-nous\/"]}]},{"@type":"BreadcrumbList","@id":"https:\/\/nkimmobilien-gstaad.ch\/fr\/a-propros-de-nous\/#breadcrumb","itemListElement":[{"@type":"ListItem","position":1,"name":"Startseite","item":"https:\/\/nkimmobilien-gstaad.ch\/fr\/"},{"@type":"ListItem","position":2,"name":"A propros de nous"}]},{"@type":"WebSite","@id":"https:\/\/nkimmobilien-gstaad.ch\/fr\/#website","url":"https:\/\/nkimmobilien-gstaad.ch\/fr\/","name":"nk immobilien gstaad gmbh","description":"","publisher":{"@id":"https:\/\/nkimmobilien-gstaad.ch\/fr\/#organization"},"potentialAction":[{"@type":"SearchAction","target":{"@type":"EntryPoint","urlTemplate":"https:\/\/nkimmobilien-gstaad.ch\/fr\/?s={search_term_string}"},"query-input":{"@type":"PropertyValueSpecification","valueRequired":true,"valueName":"search_term_string"}}],"inLanguage":"fr-FR"},{"@type":"Organization","@id":"https:\/\/nkimmobilien-gstaad.ch\/fr\/#organization","name":"nk immobilien gstaad gmbh","url":"https:\/\/nkimmobilien-gstaad.ch\/fr\/","logo":{"@type":"ImageObject","inLanguage":"fr-FR","@id":"https:\/\/nkimmobilien-gstaad.ch\/fr\/#\/schema\/logo\/image\/","url":"https:\/\/nkimmobilien-gstaad.ch\/wp-content\/uploads\/sites\/73\/2025\/05\/nkimmo.svg","contentUrl":"https:\/\/nkimmobilien-gstaad.ch\/wp-content\/uploads\/sites\/73\/2025\/05\/nkimmo.svg","width":2040,"height":991,"caption":"nk immobilien gstaad gmbh"},"image":{"@id":"https:\/\/nkimmobilien-gstaad.ch\/fr\/#\/schema\/logo\/image\/"}}]}},"_links":{"self":[{"href":"https:\/\/nkimmobilien-gstaad.ch\/fr\/wp-json\/wp\/v2\/pages\/37489","targetHints":{"allow":["GET"]}}],"collection":[{"href":"https:\/\/nkimmobilien-gstaad.ch\/fr\/wp-json\/wp\/v2\/pages"}],"about":[{"href":"https:\/\/nkimmobilien-gstaad.ch\/fr\/wp-json\/wp\/v2\/types\/page"}],"author":[{"embeddable":true,"href":"https:\/\/nkimmobilien-gstaad.ch\/fr\/wp-json\/wp\/v2\/users\/1"}],"replies":[{"embeddable":true,"href":"https:\/\/nkimmobilien-gstaad.ch\/fr\/wp-json\/wp\/v2\/comments?post=37489"}],"version-history":[{"count":0,"href":"https:\/\/nkimmobilien-gstaad.ch\/fr\/wp-json\/wp\/v2\/pages\/37489\/revisions"}],"wp:attachment":[{"href":"https:\/\/nkimmobilien-gstaad.ch\/fr\/wp-json\/wp\/v2\/media?parent=37489"}],"curies":[{"name":"wp","href":"https:\/\/api.w.org\/{rel}","templated":true}]}}